{"id":2001,"date":"2026-03-14T16:31:45","date_gmt":"2026-03-14T16:31:45","guid":{"rendered":"https:\/\/novotny-elektrostavby.cz\/?page_id=2001"},"modified":"2026-03-14T17:34:51","modified_gmt":"2026-03-14T17:34:51","slug":"podminky-ochrany-osobnich-udaju","status":"publish","type":"page","link":"https:\/\/novotny-elektrostavby.cz\/index.php\/podminky-ochrany-osobnich-udaju\/","title":{"rendered":"Podm\u00ednky ochrany osobn\u00edch \u00fadaj\u016f"},"content":{"rendered":"\t\t<div data-elementor-type=\"wp-page\" data-elementor-id=\"2001\" class=\"elementor elementor-2001\">\n\t\t\t\t\t\t<section class=\"elementor-section elementor-top-section elementor-element elementor-element-c00beb3 elementor-section-boxed elementor-section-height-default elementor-section-height-default\" data-id=\"c00beb3\" data-element_type=\"section\">\n\t\t\t\t\t\t<div class=\"elementor-container elementor-column-gap-default\">\n\t\t\t\t\t<div class=\"elementor-column elementor-col-100 elementor-top-column elementor-element elementor-element-b11ebd8\" data-id=\"b11ebd8\" data-element_type=\"column\">\n\t\t\t<div class=\"elementor-widget-wrap elementor-element-populated\">\n\t\t\t\t\t\t<div class=\"elementor-element elementor-element-173b95d elementor-widget elementor-widget-text-editor\" data-id=\"173b95d\" data-element_type=\"widget\" data-widget_type=\"text-editor.default\">\n\t\t\t\t<div class=\"elementor-widget-container\">\n\t\t\t\t\t\t\t\t\t<h1 class=\"western fusion-responsive-typography-calculated\" data-fontsize=\"50\" data-lineheight=\"75px\">Podm\u00ednky ochrany osobn\u00edch \u00fadaj\u016f<\/h1><p class=\"western\">I .Ochrana osobn\u00edch \u00fadaj\u016f\u00a0<\/p><p>\u00a0<\/p><p class=\"western\">1.1.\u00a0Vlo\u017een\u00edm osobn\u00edch \u00fadaj\u016f potvrzuje u\u017eivatel, \u017ee je srozum\u011bn s podm\u00ednkami ochrany osobn\u00edch \u00fadaj\u016f, \u017ee vyjad\u0159uje sv\u016fj souhlas s jejich zn\u011bn\u00edm, a \u017ee je v cel\u00e9m rozsahu akceptuje.<\/p><p>\u00a0<\/p><p class=\"western\">1.2 Poskytovatel je\u00a0spr\u00e1vcem\u00a0osobn\u00edch \u00fadaj\u016f u\u017eivatel\u016f podle \u010dl. 4 bod 7) na\u0159\u00edzen\u00ed Evropsk\u00e9ho parlamentu a Rady (EU) 2016\/679 o ochran\u011b fyzick\u00fdch osob v souvislosti se zpracov\u00e1n\u00edm osobn\u00edch \u00fadaj\u016f a o voln\u00e9m pohybu t\u011bchto \u00fadaj\u016f a o zru\u0161en\u00ed sm\u011brnice 95\/46\/ES (obecn\u00e9 na\u0159\u00edzen\u00ed o ochran\u011b osobn\u00edch \u00fadaj\u016f) (d\u00e1le jen: \u201cGDPR\u201d). Poskytovatel se zavazuje zpracov\u00e1vat osobn\u00ed \u00fadaje v souladu s pr\u00e1vn\u00edmi p\u0159edpisy, zejm. GDPR.<\/p><p>\u00a0<\/p><p class=\"western\">1.3. Osobn\u00edmi \u00fadaji jsou\u00a0ve\u0161ker\u00e9 informace o identifikovan\u00e9 nebo identifikovateln\u00e9 fyzick\u00e9 osob\u011b; identifikovatelnou fyzickou osobou je fyzick\u00e1 osoba, kterou lze p\u0159\u00edmo \u010di nep\u0159\u00edmo identifikovat, zejm\u00e9na odkazem na ur\u010dit\u00fd identifik\u00e1tor, nap\u0159\u00edklad jm\u00e9no, identifika\u010dn\u00ed \u010d\u00edslo, loka\u010dn\u00ed \u00fadaje, s\u00ed\u0165ov\u00fd identifik\u00e1tor nebo na jeden \u010di v\u00edce zvl\u00e1\u0161tn\u00edch prvk\u016f fyzick\u00e9, fyziologick\u00e9, genetick\u00e9, psychick\u00e9, ekonomick\u00e9, kulturn\u00ed nebo spole\u010densk\u00e9 identity t\u00e9to fyzick\u00e9 osoby.<\/p><p>\u00a0<\/p><p class=\"western\">1.4 Poskytovatel pro pln\u011bn\u00ed licen\u010dn\u00ed smlouvy pou\u017e\u00edv\u00e1 slu\u017eeb subdodavatel\u016f, zejm\u00e9na poskytovatele mailingov\u00fdch slu\u017eeb (osobn\u00ed \u00fadaje jsou ukl\u00e1d\u00e1ny v 3. zem\u00edch) a poskytovatele webhostingu. Subdodavatel\u00e9 jsou prov\u011b\u0159eni z hlediska bezpe\u010dn\u00e9ho zpracov\u00e1n\u00ed osobn\u00edch \u00fadaj\u016f. Poskytovatel a subdodavatel webhostingu uzav\u0159eli smlouvu o zpracov\u00e1n\u00ed osobn\u00edch \u00fadaj\u016f, dle kter\u00e9 subdodavatel odpov\u00edd\u00e1 za \u0159\u00e1dn\u011b zabezpe\u010den\u00ed fyzick\u00e9ho, hardwarov\u00e9ho i softwarov\u00e9ho perimetru, a tedy nese v\u016f\u010di u\u017eivateli p\u0159\u00edmou odpov\u011bdnost za jak\u00fdkoli \u00fanik \u010di naru\u0161en\u00ed osobn\u00edch \u00fadaj\u016f.<\/p><p>\u00a0<\/p><p class=\"western\">1.5 Poskytovatel ukl\u00e1d\u00e1 osobn\u00ed \u00fadaje u\u017eivatele po dobu nezbytnou k v\u00fdkonu pr\u00e1v a povinnost\u00ed vypl\u00fdvaj\u00edc\u00edch ze smluvn\u00edho vztahu mezi poskytovatelem a u\u017eivatelem a uplat\u0148ov\u00e1n\u00ed n\u00e1rok\u016f z t\u011bchto smluvn\u00edch vztah\u016f (po dobu 15 let od ukon\u010den\u00ed smluvn\u00edho vztahu). Po jej\u00edm uplynut\u00ed budou \u00fadaje vymaz\u00e1ny.<\/p><p>\u00a0<\/p><p class=\"western\">1.6 U\u017eivatel m\u00e1 pr\u00e1vo po\u017eadovat od poskytovatele p\u0159\u00edstup ke sv\u00fdm osobn\u00edm \u00fadaj\u016fm dle \u010dl. 15 GDPR, opravu osobn\u00edch \u00fadaj\u016f dle \u010dl. 16 GDPR, pop\u0159\u00edpad\u011b omezen\u00ed zpracov\u00e1n\u00ed dle \u010dl. 18 GDPR. U\u017eivatel m\u00e1 pr\u00e1vo na v\u00fdmaz osobn\u00edch \u00fadaj\u016f dle \u010dl. 17 odst. 1 p\u00edsm. a), a c) a\u017e f) GDPR. D\u00e1le m\u00e1 u\u017eivatel pr\u00e1vo vzn\u00e9st n\u00e1mitku proti zpracov\u00e1n\u00ed dle \u010dl. 21 GDPR a pr\u00e1vo na p\u0159enositelnost \u00fadaj\u016f dle \u010dl. 20 GDPR.<\/p><p>\u00a0<\/p><p class=\"western\">1.7 U\u017eivatel m\u00e1 pr\u00e1vo podat st\u00ed\u017enost u \u00da\u0159adu pro ochranu osobn\u00edch \u00fadaj\u016f v p\u0159\u00edpad\u011b, \u017ee se domn\u00edv\u00e1, \u017ee bylo poru\u0161eno jeho pr\u00e1vo na ochranu osobn\u00edch \u00fadaj\u016f.<\/p><p>\u00a0<\/p><p class=\"western\">1.8 U\u017eivatel nem\u00e1 povinnost osobn\u00ed \u00fadaje poskytnout. Poskytnut\u00ed osobn\u00edch \u00fadaj\u016f je v\u0161ak nutn\u00fdm po\u017eadavkem pro uzav\u0159en\u00ed a pln\u011bn\u00ed smlouvy a bez poskytnut\u00ed osobn\u00edch \u00fadaj\u016f nen\u00ed mo\u017en\u00e9 smlouvu uzav\u0159\u00edt \u010di j\u00ed ze strany poskytovatele plnit.<\/p><p>\u00a0<\/p><p class=\"western\">1.9 Ze strany Poskytovatele nedoch\u00e1z\u00ed k automatick\u00e9mu individu\u00e1ln\u00edmu rozhodov\u00e1n\u00ed ve smyslu \u010d. 22 GDPR.<\/p><p>\u00a0<\/p><p class=\"western\">1.10 Poskytovatel pou\u017e\u00edv\u00e1 v r\u00e1mci zvy\u0161ov\u00e1n\u00ed kvality slu\u017eeb, personalizace nab\u00eddky, sb\u011bru anonymn\u00edch dat a pro analytick\u00e9 \u00fa\u010dely ve sv\u00e9 prezentaci tzv. soubory cookie. Pou\u017e\u00edv\u00e1n\u00edm webu U\u017eivatel souhlas\u00ed s pou\u017eit\u00edm zm\u00edn\u011bn\u00e9 technologie.<\/p><p class=\"western\">II. Pr\u00e1va a povinnosti mezi spr\u00e1vcem a zpracovatelem (zpracovatelsk\u00e1 smlouva)<\/p><p>\u00a0<\/p><p class=\"western\">2.1\u00a0Poskytovatel je ve vztahu k osobn\u00edm \u00fadaj\u016fm klient\u016f u\u017eivatel\u016f\u00a0zpracovatelem\u00a0dle \u010dl. 28 GDPR. U\u017eivatel je\u00a0spr\u00e1vcem\u00a0t\u011bchto \u00fadaj\u016f.<\/p><p>\u00a0<\/p><p class=\"western\">2.2 Tyto podm\u00ednky upravuj\u00ed vz\u00e1jemn\u00e1 pr\u00e1va a povinnosti p\u0159i zpracov\u00e1n\u00ed osobn\u00edch \u00fadaj\u016f, ke kter\u00fdm Poskytovatel z\u00edskal p\u0159\u00edstup v r\u00e1mci pln\u011bn\u00ed licen\u010dn\u00ed smlouvy uzav\u0159en\u00e9 formou odsouhlasen\u00ed v\u0161eobecn\u00fdch obchodn\u00edch podm\u00ednek na <a href=\"https:\/\/novotny-elektrostavby.cz\/\"><u>novotny-elektrostavby.cz<\/u><\/a> d\u00e1le jen \u201elicen\u010dn\u00ed smlouva\u201c) uzav\u0159en\u00e9 s U\u017eivatelem ke dni z\u0159\u00edzen\u00ed u\u017eivatelsk\u00e9ho \u00fa\u010dtu.<\/p><p>\u00a0<\/p><p class=\"western\">2.3. Poskytovatel se zavazuje pro U\u017eivatele zpracov\u00e1vat osobn\u00ed \u00fadaje v rozsahu a za \u00fa\u010delem stanoven\u00fdmi v\u00a0\u010dl. 2.4 \u2013 2.7 t\u011bchto podm\u00ednek. Prost\u0159edky zpracov\u00e1n\u00ed budou automatizovan\u00e9. Poskytovatel bude v r\u00e1mci zpracov\u00e1n\u00ed osobn\u00ed \u00fadaje shroma\u017e\u010fovat, ukl\u00e1dat na nosi\u010de informac\u00ed, uchov\u00e1vat, blokovat a likvidovat. Poskytovatel nen\u00ed opr\u00e1vn\u011bn osobn\u00ed \u00fadaje zpracov\u00e1vat v rozporu nebo nad r\u00e1mec stanoven\u00fd t\u011bmito podm\u00ednkami.\u00a0<\/p><p>\u00a0<\/p><p class=\"western\">2.4 Poskytovatel se zavazuje pro u\u017eivatele zpracov\u00e1vat\u00a0osobn\u00ed \u00fadaje v tomto rozsahu:<\/p><p class=\"western\">1. b\u011b\u017en\u00e9 osobn\u00ed \u00fadaje,<\/p><p class=\"western\">2. zvl\u00e1\u0161tn\u00ed kategorie \u00fadaj\u016f podle \u010dl. 9 GDPR,<\/p><p class=\"western\">kter\u00e9 U\u017eivatel z\u00edskal v\u00a0souvislosti s\u00a0vlastn\u00ed obchodn\u00ed \u010dinnost\u00ed.<\/p><p>\u00a0<\/p><p class=\"western\">2.5. Poskytovatel se zavazuje pro u\u017eivatele zpracov\u00e1vat\u00a0osobn\u00ed \u00fadaje za \u00fa\u010delem zpracov\u00e1n\u00ed popt\u00e1vek a po\u017eadavk\u016f klient\u016f z\u00edskan\u00fdch z kontaktn\u00edho formul\u00e1\u0159e.<\/p><p>\u00a0<\/p><p class=\"western\">2.6. Osobn\u00ed \u00fadaje je mo\u017en\u00e9 zpracov\u00e1vat pouze na pracovi\u0161t\u00edch Poskytovatele nebo jeho subdodavatel\u016f podle \u010dl. 2.8 t\u011bchto podm\u00ednek, a to na \u00fazem\u00ed Evropsk\u00e9 unie.<\/p><p>\u00a0<\/p><p class=\"western\">2.7. Poskytovatel se zavazuje pro U\u017eivatele zpracov\u00e1vat osobn\u00ed \u00fadaje klient\u016f U\u017eivatele, to v\u0161e po dobu nezbytnou k v\u00fdkonu pr\u00e1v a povinnost\u00ed vypl\u00fdvaj\u00edc\u00edch ze smluvn\u00edho vztahu mezi Poskytovatelem a U\u017eivatelem a z uplat\u0148ov\u00e1n\u00ed n\u00e1rok\u016f z t\u011bchto smluvn\u00edch vztah\u016f (po dobu 15 let od ukon\u010den\u00ed smluvn\u00edho vztahu).\u00a0<\/p><p>\u00a0<\/p><p class=\"western\">2.8\u00a0U\u017eivatel ud\u011bluje povolen\u00ed se zapojen\u00edm subdodavatele jako\u017eto dal\u0161\u00edho zpracovatele podle \u010dl. 28 odst. 2 GDPR, kter\u00fdm je poskytovatel hostingu aplikace. U\u017eivatel d\u00e1le ud\u011bluje Poskytovateli obecn\u00e9 povolen\u00ed zapojit do zpracov\u00e1n\u00ed dal\u0161\u00edho zpracovatele osobn\u00edch \u00fadaj\u016f, Poskytovatel v\u0161ak mus\u00ed u\u017eivatele p\u00edsemn\u011b informovat o v\u0161ech zam\u00fd\u0161len\u00fdch zm\u011bn\u00e1ch t\u00fdkaj\u00edc\u00edch se p\u0159ijet\u00ed dal\u0161\u00edch zpracovatel\u016f nebo jejich nahrazen\u00ed a poskytnout u\u017eivateli mo\u017enost vyslovit v\u016f\u010di t\u011bmto zm\u011bn\u00e1m n\u00e1mitky. Poskytovatel mus\u00ed ulo\u017eit sv\u00fdm subdodavatel\u016fm v postaven\u00ed zpracovatele osobn\u00edch \u00fadaj\u016f stejn\u00e9 povinnosti na ochranu osobn\u00edch \u00fadaju\u00b0, jak jsou stanoveny v t\u011bchto podm\u00ednk\u00e1ch.\u00a0<\/p><p>\u00a0<\/p><p class=\"western\">2.9. Poskytovatel se zavazuje, \u017ee zpracov\u00e1v\u00e1n\u00ed osobn\u00edch \u00fadaj\u016f bude zabezpe\u010deno zejm\u00e9na n\u00e1sleduj\u00edc\u00edm zp\u016fsobem:<\/p><p class=\"western\">1. Osobn\u00ed \u00fadaje jsou zpracov\u00e1v\u00e1ny v souladu s pr\u00e1vn\u00edmi p\u0159edpisy a na z\u00e1klad\u011b pokyn\u016f U\u017eivatele, tj. pro v\u00fdkon ve\u0161ker\u00fdch \u010dinnost\u00ed pot\u0159ebn\u00fdch pro poskytov\u00e1n\u00ed webov\u00e9 platmormy.<\/p><p class=\"western\">2. Poskytovatel se zavazuje, \u017ee technicky a organiza\u010dn\u011b zabezpe\u010d\u00ed ochranu zpracov\u00e1van\u00fdch osobn\u00edch \u00fadaj\u016f tak, aby nemohlo doj\u00edt k neopr\u00e1vn\u011bn\u00e9mu nebo nahodil\u00e9mu p\u0159\u00edstupu k \u00fadaj\u016fm, k jejich zm\u011bn\u011b, zni\u010den\u00ed \u010di ztr\u00e1t\u011b, neopr\u00e1vn\u011bn\u00fdm p\u0159enos\u016fm, k jejich jin\u00e9mu neopr\u00e1vn\u011bn\u00e9mu zpracov\u00e1n\u00ed, jako\u017e i k jin\u00e9mu zneu\u017eit\u00ed a aby byly person\u00e1ln\u011b a organiza\u010dn\u011b nep\u0159etr\u017eit\u011b po dobu zpracov\u00e1v\u00e1n\u00ed \u00fadaj\u016f zabezpe\u010deny ve\u0161ker\u00e9 povinnosti zpracovatele osobn\u00edch \u00fadaj\u016f, vypl\u00fdvaj\u00edc\u00ed z pr\u00e1vn\u00edch p\u0159edpis\u016f.<\/p><p class=\"western\">3. P\u0159ijat\u00e1 technick\u00e1 a organiza\u010dn\u00ed opat\u0159en\u00ed odpov\u00eddaj\u00ed m\u00ed\u0159e rizika. Poskytovatel pomoc\u00ed nich zaji\u0161\u0165uje neust\u00e1lou d\u016fv\u011brnost, integritu, dostupnost a odolnost syst\u00e9m\u016f a\u00a0slu\u017eeb zpracov\u00e1n\u00ed, a v\u010das obnovuje dostupnost osobn\u00edch \u00fadaj\u016f a\u00a0p\u0159\u00edstup k\u00a0nim v\u00a0p\u0159\u00edpad\u011b fyzick\u00fdch \u010di technick\u00fdch incident\u016f.<\/p><p class=\"western\">4. Poskytovatel t\u00edmto prohla\u0161uje, \u017ee ochrana osobn\u00edch \u00fadaj\u016f podl\u00e9h\u00e1 intern\u00edm bezpe\u010dnostn\u00edm p\u0159edpis\u016fm Poskytovatele.<\/p><p class=\"western\">5. K osobn\u00edm \u00fadaj\u016fm budou m\u00edt p\u0159\u00edstup pouze opr\u00e1vn\u011bn\u00e9 osoby Poskytovatele a subdodavatel\u016f dle \u010dl. 2.8 t\u011bchto podm\u00ednek, kter\u00e9 budou m\u00edt Poskytovatelem stanoveny podm\u00ednky a rozsah zpracov\u00e1n\u00ed \u00fadaj\u016f a ka\u017ed\u00e1 takov\u00e1 osoba bude p\u0159istupovat k osobn\u00edm \u00fadaj\u016fm pod sv\u00fdm jednozna\u010dn\u00fdm identifik\u00e1torem.<\/p><p class=\"western\">6. Opr\u00e1vn\u011bn\u00e9 osoby Poskytovatele, kter\u00e9 zpracov\u00e1vaj\u00ed osobn\u00ed \u00fadaje podle t\u011bchto podm\u00ednek, jsou povinny zachov\u00e1vat ml\u010denlivost o osobn\u00edch \u00fadaj\u00edch a o bezpe\u010dnostn\u00edch opat\u0159en\u00edch, jejich\u017e zve\u0159ejn\u011bn\u00ed by ohrozilo jejich zabezpe\u010den\u00ed. Poskytovatel zajist\u00ed jejich prokazateln\u00e9 zav\u00e1z\u00e1n\u00ed k t\u00e9to povinnosti. Poskytovatel zajist\u00ed, \u017ee tato povinnost pro Poskytovatele i opr\u00e1vn\u011bn\u00e9 osoby bude trvat i po skon\u010den\u00ed pracovn\u011b pr\u00e1vn\u00edho nebo jin\u00e9ho vztahu k Poskytovateli.<\/p><p class=\"western\">7. Poskytovatel bude u\u017eivateli n\u00e1pomocen prost\u0159ednictv\u00edm vhodn\u00fdch technick\u00fdch a organiza\u010dn\u00edch opat\u0159en\u00ed, pokud je to mo\u017en\u00e9, pro spln\u011bn\u00ed u\u017eivatelovy povinnosti reagovat na \u017e\u00e1dosti o v\u00fdkon pr\u00e1v subjektu \u00fadaj\u016f stanoven\u00fdch v GDPR; stejn\u011b tak\u00a0p\u0159i zaji\u0161\u0165ov\u00e1n\u00ed souladu s povinnostmi podle \u010dl. 32 a\u017e 36 GDPR, a\u00a0to p\u0159i zohledn\u011bn\u00ed povahy zpracov\u00e1n\u00ed a informac\u00ed, je\u017e m\u00e1 Poskytovatel k\u00a0dispozici.<\/p><p class=\"western\">8. Po ukon\u010den\u00ed poskytov\u00e1n\u00ed pln\u011bn\u00ed, kter\u00e9 je spojeno se zpracov\u00e1n\u00edm, dle \u010dl. 2.7 t\u011bchto podm\u00ednek, je Poskytovatel povinen v\u0161echny osobn\u00ed \u00fadaje vymazat, nebo je vr\u00e1tit U\u017eivateli, pokud nem\u00e1 povinnost ulo\u017eit osobn\u00ed \u00fadaje na z\u00e1klad\u011b zvl\u00e1\u0161tn\u00edho z\u00e1kona.<\/p><p class=\"western\">9. Poskytovatel poskytne U\u017eivateli ve\u0161ker\u00e9 informace pot\u0159ebn\u00e9 k dolo\u017een\u00ed toho, \u017ee byly spln\u011bny povinnosti podle t\u00e9to smlouvy a GDPR, umo\u017en\u00ed audity, v\u010detn\u011b inspekc\u00ed, prov\u00e1d\u011bn\u00e9 U\u017eivatelem nebo jin\u00fdm auditorem, kter\u00e9ho u\u017eivatel pov\u011b\u0159il.<\/p><p>\u00a0<\/p><p class=\"western\">2.10 U\u017eivatel se zavazuje neprodlen\u011b ohla\u0161ovat v\u0161echny jemu zn\u00e1m\u00e9 skute\u010dnosti, kter\u00e9 by mohly nep\u0159\u00edzniv\u011b ovlivnit \u0159\u00e1dn\u00e9 a v\u010dasn\u00e9 pln\u011bn\u00ed z\u00e1vazk\u016f vypl\u00fdvaj\u00edc\u00edch z\u00a0t\u011bchto podm\u00ednek na\u00a0a\u00a0poskytnout Poskytovateli sou\u010dinnost nezbytnou pro pln\u011bn\u00ed t\u011bchto podm\u00ednek.<\/p><p class=\"western\">III. Z\u00e1v\u011bre\u010dn\u00e1 ustanoven\u00ed<\/p><p>\u00a0<\/p><p class=\"western\">3.1 Tyto podm\u00ednky pozb\u00fdvaj\u00ed platnosti uplynut\u00edm doby uveden\u00e9 v\u00a0\u010dl. 1.6 a \u010dl. 2.7 t\u011bchto podm\u00ednek.\u00a0\u00a0<\/p><p>\u00a0<\/p><p class=\"western\">3.2 U\u017eivatel souhlas\u00ed s t\u011bmito podm\u00ednkami\u00a0za\u0161krtnut\u00edm souhlasu prost\u0159ednictv\u00edm internetov\u00e9ho formul\u00e1\u0159e. Za\u0161krtnut\u00edm souhlasu vyjad\u0159uje u\u017eivatel, \u017ee si tyto podm\u00ednky p\u0159e\u010detl, \u017ee s nimi vyjad\u0159uje sv\u016fj souhlas a \u017ee je v cel\u00e9m rozsahu akceptuje.<\/p><p>\u00a0<\/p><p class=\"western\">3.3 Poskytovatel je opr\u00e1vn\u011bn tyto podm\u00ednky zm\u011bnit. Poskytovatel je povinen bez zbyte\u010dn\u00e9ho odkladu zve\u0159ejnit novou verzi podm\u00ednek na sv\u00fdch internetov\u00fdch str\u00e1nk\u00e1ch, pop\u0159. za\u0161le novou verzi U\u017eivateli na jeho e-mailovou adresu.<\/p><p>\u00a0<\/p><p class=\"western\">3.4. Kontaktn\u00ed \u00fadaje Poskytovatele ve v\u011bcech t\u00fdkaj\u00edc\u00edch se t\u011bchto podm\u00ednek: <a href=\"tel:+420777868952\">777868952<\/a><\/p><p>\u00a0<\/p><p class=\"western\">3.5 Vztahy t\u011bmito podm\u00ednkami v\u00fdslovn\u011b neupraven\u00e9 se \u0159\u00edd\u00ed GDPR a pr\u00e1vn\u00edm \u0159\u00e1dem \u010cesk\u00e9 republiky, zejm\u00e9na z\u00e1konem \u010d. 89\/2012 Sb., ob\u010dansk\u00fd z\u00e1kon\u00edk, v platn\u00e9m zn\u011bn\u00ed.<\/p><p>\u00a0<\/p><p class=\"western\">Tyto podm\u00ednky nab\u00fdvaj\u00ed \u00fa\u010dinnosti dnem 14.5.2018.<\/p>\t\t\t\t\t\t\t\t<\/div>\n\t\t\t\t<\/div>\n\t\t\t\t\t<\/div>\n\t\t<\/div>\n\t\t\t\t\t<\/div>\n\t\t<\/section>\n\t\t\t\t<\/div>\n\t\t","protected":false},"excerpt":{"rendered":"<p>Podm\u00ednky ochrany osobn\u00edch \u00fadaj\u016f I .Ochrana osobn\u00edch \u00fadaj\u016f\u00a0 \u00a0 1.1.\u00a0Vlo\u017een\u00edm osobn\u00edch \u00fadaj\u016f potvrzuje u\u017eivatel, \u017ee je srozum\u011bn s podm\u00ednkami ochrany osobn\u00edch \u00fadaj\u016f, \u017ee vyjad\u0159uje sv\u016fj souhlas s jejich zn\u011bn\u00edm, a \u017ee je v cel\u00e9m rozsahu akceptuje. \u00a0 1.2 Poskytovatel je\u00a0spr\u00e1vcem\u00a0osobn\u00edch \u00fadaj\u016f u\u017eivatel\u016f podle \u010dl. 4 bod 7) na\u0159\u00edzen\u00ed Evropsk\u00e9ho parlamentu a Rady (EU) 2016\/679 o [&hellip;]<\/p>\n","protected":false},"author":3,"featured_media":0,"parent":0,"menu_order":0,"comment_status":"closed","ping_status":"closed","template":"","meta":{"om_disable_all_campaigns":false,"_monsterinsights_skip_tracking":false,"_monsterinsights_sitenote_active":false,"_monsterinsights_sitenote_note":"","_monsterinsights_sitenote_category":0,"site-sidebar-layout":"no-sidebar","site-content-layout":"page-builder","ast-site-content-layout":"full-width-container","site-content-style":"unboxed","site-sidebar-style":"unboxed","ast-global-header-display":"","ast-banner-title-visibility":"","ast-main-header-display":"","ast-hfb-above-header-display":"","ast-hfb-below-header-display":"","ast-hfb-mobile-header-display":"","site-post-title":"disabled","ast-breadcrumbs-content":"","ast-featured-img":"disabled","footer-sml-layout":"","theme-transparent-header-meta":"","adv-header-id-meta":"","stick-header-meta":"","header-above-stick-meta":"","header-main-stick-meta":"","header-below-stick-meta":"","astra-migrate-meta-layouts":"set","ast-page-background-enabled":"default","ast-page-background-meta":{"desktop":{"background-color":"var(--ast-global-color-4)","background-image":"","background-repeat":"repeat","background-position":"center center","background-size":"auto","background-attachment":"scroll","background-type":"","background-media":"","overlay-type":"","overlay-color":"","overlay-opacity":"","overlay-gradient":""},"tablet":{"background-color":"","background-image":"","background-repeat":"repeat","background-position":"center center","background-size":"auto","background-attachment":"scroll","background-type":"","background-media":"","overlay-type":"","overlay-color":"","overlay-opacity":"","overlay-gradient":""},"mobile":{"background-color":"","background-image":"","background-repeat":"repeat","background-position":"center center","background-size":"auto","background-attachment":"scroll","background-type":"","background-media":"","overlay-type":"","overlay-color":"","overlay-opacity":"","overlay-gradient":""}},"ast-content-background-meta":{"desktop":{"background-color":"var(--ast-global-color-5)","background-image":"","background-repeat":"repeat","background-position":"center center","background-size":"auto","background-attachment":"scroll","background-type":"","background-media":"","overlay-type":"","overlay-color":"","overlay-opacity":"","overlay-gradient":""},"tablet":{"background-color":"var(--ast-global-color-5)","background-image":"","background-repeat":"repeat","background-position":"center center","background-size":"auto","background-attachment":"scroll","background-type":"","background-media":"","overlay-type":"","overlay-color":"","overlay-opacity":"","overlay-gradient":""},"mobile":{"background-color":"var(--ast-global-color-5)","background-image":"","background-repeat":"repeat","background-position":"center center","background-size":"auto","background-attachment":"scroll","background-type":"","background-media":"","overlay-type":"","overlay-color":"","overlay-opacity":"","overlay-gradient":""}},"footnotes":""},"class_list":["post-2001","page","type-page","status-publish","hentry"],"aioseo_notices":[],"_links":{"self":[{"href":"https:\/\/novotny-elektrostavby.cz\/index.php\/wp-json\/wp\/v2\/pages\/2001","targetHints":{"allow":["GET"]}}],"collection":[{"href":"https:\/\/novotny-elektrostavby.cz\/index.php\/wp-json\/wp\/v2\/pages"}],"about":[{"href":"https:\/\/novotny-elektrostavby.cz\/index.php\/wp-json\/wp\/v2\/types\/page"}],"author":[{"embeddable":true,"href":"https:\/\/novotny-elektrostavby.cz\/index.php\/wp-json\/wp\/v2\/users\/3"}],"replies":[{"embeddable":true,"href":"https:\/\/novotny-elektrostavby.cz\/index.php\/wp-json\/wp\/v2\/comments?post=2001"}],"version-history":[{"count":12,"href":"https:\/\/novotny-elektrostavby.cz\/index.php\/wp-json\/wp\/v2\/pages\/2001\/revisions"}],"predecessor-version":[{"id":2023,"href":"https:\/\/novotny-elektrostavby.cz\/index.php\/wp-json\/wp\/v2\/pages\/2001\/revisions\/2023"}],"wp:attachment":[{"href":"https:\/\/novotny-elektrostavby.cz\/index.php\/wp-json\/wp\/v2\/media?parent=2001"}],"curies":[{"name":"wp","href":"https:\/\/api.w.org\/{rel}","templated":true}]}}